{"id":3179,"date":"2026-02-28T12:54:09","date_gmt":"2026-02-28T11:54:09","guid":{"rendered":"https:\/\/www.whitecollection.it\/?page_id=3179"},"modified":"2026-02-28T12:56:05","modified_gmt":"2026-02-28T11:56:05","slug":"privacy-policy-2","status":"publish","type":"page","link":"https:\/\/www.whitecollection.it\/index.php\/de\/privacy-policy-2\/","title":{"rendered":"Privacy Policy"},"content":{"rendered":"\t\t<div data-elementor-type=\"wp-page\" data-elementor-id=\"3179\" class=\"elementor elementor-3179\" data-elementor-post-type=\"page\">\n\t\t\t\t<div class=\"elementor-element elementor-element-5d7eddfd e-flex e-con-boxed e-con e-parent\" data-id=\"5d7eddfd\" data-element_type=\"container\" data-e-type=\"container\">\n\t\t\t\t\t<div class=\"e-con-inner\">\n\t\t\t\t<div class=\"elementor-element elementor-element-676b1040 elementor-widget elementor-widget-text-editor\" data-id=\"676b1040\" data-element_type=\"widget\" data-e-type=\"widget\" data-widget_type=\"text-editor.default\">\n\t\t\t\t\t\t\t\t\t<h1>DATENSCHUTZERKL\u00c4RUNG<\/h1>\n<div><\/div>\n<div>Diese Datenschutzerkl\u00e4rung wurde erstellt, um die Grunds\u00e4tze und Modalit\u00e4ten der Verarbeitung personenbezogener Daten darzulegen, die von Maximilian SRL im Zusammenhang mit der Nutzung dieser Website angewendet werden.<\/div>\n<div><\/div>\n<div>Die Information erfolgt gem\u00e4\u00df der Verordnung (EU) 2016\/679 (DSGVO) gegen\u00fcber allen Personen, die mit den \u00fcber das Internet zug\u00e4nglichen Webdiensten ab der Adresse dieser Website interagieren.<\/div>\n<div><\/div>\n<div>Diese Datenschutzerkl\u00e4rung gilt ausschlie\u00dflich f\u00fcr diese Website und betrifft keine anderen Websites, Seiten oder Online-Dienste, die m\u00f6glicherweise \u00fcber externe Links erreichbar sind.<\/div>\n<div><\/div>\n<div>Durch den Besuch der Website erkl\u00e4rt der Nutzer, diese Datenschutzerkl\u00e4rung gelesen zu haben und die Modalit\u00e4ten der Verarbeitung personenbezogener Daten zu akzeptieren.<\/div>\n<div><\/div>\n\n<h3>Verantwortlicher f\u00fcr die Datenverarbeitung<\/h3>\n<div>Der Verantwortliche f\u00fcr die Verarbeitung personenbezogener Daten ist:<\/div>\n<div><\/div>\n<div>Maximilian SRL<\/div>\n<div>Freiheitsstra\u00dfe 95<\/div>\n<div>39012 Meran (BZ) \u2013 Italien<\/div>\n<div>ufficio@maximilian-online.it<\/div>\n<div><\/div>\n<div>Die Datenverarbeitung erfolgt am Sitz des Verantwortlichen und wird von entsprechend autorisiertem internem Personal sowie von eventuell beauftragten externen Dienstleistern ausschlie\u00dflich f\u00fcr technische T\u00e4tigkeiten und Wartungsarbeiten an der Website durchgef\u00fchrt.<\/div>\n\n<h3>Arten der verarbeiteten Daten und Zwecke der Verarbeitung<\/h3>\n<div>Die von den Nutzern bereitgestellten personenbezogenen Daten werden zu folgenden Zwecken verarbeitet:<\/div>\n<ul>\n<li>Bearbeitung der \u00fcber die Website \u00fcbermittelten Anfragen;<\/li>\n<li>Verwaltung der Kundenbeziehung;<\/li>\n<li>Durchf\u00fchrung der wirtschaftlichen und organisatorischen T\u00e4tigkeit des Unternehmens;<\/li>\n<li>Verbesserung der angebotenen Dienstleistungen;<\/li>\n<li>Erf\u00fcllung gesetzlicher Verpflichtungen;<\/li>\n<li>Wahrung der Rechte des Verantwortlichen, auch vor Gericht.<\/li>\n<\/ul>\n<div>Die Verarbeitung erfolgt ausschlie\u00dflich zu den Zwecken, f\u00fcr die die Daten erhoben wurden, und unter Beachtung der Grunds\u00e4tze der Rechtm\u00e4\u00dfigkeit, Richtigkeit, Transparenz und Datenminimierung.<\/div>\n\n<h3>Vom Nutzer freiwillig bereitgestellte Daten<\/h3>\n<div>Die freiwillige Zusendung von E-Mails an die auf der Website angegebenen Adressen oder das Ausf\u00fcllen von Kontaktformularen f\u00fchrt zur Erhebung der vom Nutzer angegebenen personenbezogenen Daten (z. B. E-Mail-Adresse und weitere im Nachrichtentext enthaltene Daten).<\/div>\n<div><\/div>\n<div>Diese Daten werden ausschlie\u00dflich zur Beantwortung der Nutzeranfragen verwendet.<\/div>\n\n<h3>Navigationsdaten<\/h3>\n<div>Die f\u00fcr den Betrieb der Website eingesetzten IT-Systeme und Softwareverfahren erfassen im normalen Betrieb einige personenbezogene Daten, deren \u00dcbertragung bei der Nutzung der Internet-Kommunikationsprotokolle implizit erfolgt.<\/div>\n<div><\/div>\n<div>Zu diesen Daten geh\u00f6ren beispielsweise:<\/div>\n<ul>\n<li>IP-Adressen;<\/li>\n<li>Domainnamen der verwendeten Ger\u00e4te;<\/li>\n<li>URI-Adressen der angeforderten Ressourcen;<\/li>\n<li>Datum und Uhrzeit der Anfrage;<\/li>\n<li>Parameter zum Betriebssystem und zur IT-Umgebung des Nutzers.<\/li>\n<\/ul>\n<div>Diese Daten werden ausschlie\u00dflich zu anonymen statistischen Zwecken und zur \u00dcberpr\u00fcfung der ordnungsgem\u00e4\u00dfen Funktion der Website verwendet und nach der Verarbeitung gel\u00f6scht.<\/div>\n\n<h3>Cookies<\/h3>\n<div>Die Website verwendet technische Cookies und \u2013 nach Zustimmung des Nutzers \u2013 Cookies von Drittanbietern.<\/div>\n<div><\/div>\n<div>Cookies sind kleine Textdateien, die das ordnungsgem\u00e4\u00dfe Funktionieren der Website erm\u00f6glichen, die Navigation verbessern und anonyme statistische Analysen erlauben.<\/div>\n<div><\/div>\n<div>Verwendete Cookie-Arten:<\/div>\n<ul>\n<li>Technische Cookies: notwendig f\u00fcr den Betrieb der Website;<\/li>\n<li>Sitzungs-Cookies: werden beim Schlie\u00dfen des Browsers gel\u00f6scht;<\/li>\n<li>Permanente Cookies: bleiben f\u00fcr einen begrenzten Zeitraum gespeichert;<\/li>\n<li>Drittanbieter-Cookies (nur nach Zustimmung).<\/li>\n<\/ul>\n\n<h3>Google Analytics<\/h3>\n<div>Die Website kann Google Analytics verwenden, einen Webanalysedienst der Google Inc., der Cookies nutzt, um aggregierte Informationen \u00fcber die Nutzung der Website zu sammeln.<\/div>\n<div><\/div>\n<div>Die durch Cookies erzeugten Informationen werden verwendet, um die Nutzung der Website zu analysieren und deren Inhalte zu verbessern.<\/div>\n<div>Der Nutzer kann Google Analytics deaktivieren, indem er das entsprechende Browser-Add-on installiert, das unter folgender Adresse verf\u00fcgbar ist:<\/div>\n<div>https:\/\/tools.google.com\/dlpage\/gaoptout<\/div>\n\n<h3>Bereitstellung der Daten<\/h3>\n<div>Die Bereitstellung personenbezogener Daten ist freiwillig.<\/div>\n<div>Eine Nichtbereitstellung kann jedoch dazu f\u00fchren, dass die angeforderten Dienstleistungen nicht erbracht werden k\u00f6nnen.<\/div>\n<div><\/div>\n<div>Die Daten werden mit automatisierten Verfahren verarbeitet und nur f\u00fcr den Zeitraum gespeichert, der f\u00fcr die Erreichung der Zwecke erforderlich ist, f\u00fcr die sie erhoben wurden.<\/div>\n\n<h3>Verarbeitungsmethoden und Sicherheit<\/h3>\n<div>Die Verarbeitung personenbezogener Daten erfolgt mittels IT- und Telekommunikationsmitteln unter Anwendung geeigneter Sicherheitsma\u00dfnahmen, um unbefugten Zugriff, Offenlegung, \u00c4nderung oder Zerst\u00f6rung der Daten zu verhindern.<\/div>\n\n<h3>Rechte der betroffenen Person<\/h3>\n<div>Gem\u00e4\u00df den Artikeln 15-22 der DSGVO hat der Nutzer das Recht:<\/div>\n<ul>\n<li>eine Best\u00e4tigung \u00fcber das Vorhandensein personenbezogener Daten zu erhalten;<\/li>\n<li>Zugang zu seinen Daten zu erhalten;<\/li>\n<li>die Berichtigung oder Aktualisierung zu verlangen;<\/li>\n<li>die L\u00f6schung der Daten zu verlangen;<\/li>\n<li>der Verarbeitung zu widersprechen;<\/li>\n<li>die Einschr\u00e4nkung der Verarbeitung zu verlangen;<\/li>\n<li>Beschwerde bei der Datenschutzbeh\u00f6rde einzureichen.<\/li>\n<\/ul>\n<div>Anfragen k\u00f6nnen an folgende E-Mail-Adresse gesendet werden: ufficio@maximilian-online.it<\/div>\n\n<h3>Aktualisierungen der Datenschutzerkl\u00e4rung<\/h3>\n<div>Diese Datenschutzerkl\u00e4rung kann Aktualisierungen unterliegen.<\/div>\n<div>Etwaige \u00c4nderungen werden auf dieser Seite ver\u00f6ffentlicht und treten ab dem Ver\u00f6ffentlichungsdatum in Kraft.<\/div>\t\t\t\t\t\t\t\t<\/div>\n\t\t\t\t\t<\/div>\n\t\t\t\t<\/div>\n\t\t\t\t<\/div>\n\t\t","protected":false},"excerpt":{"rendered":"<p>DATENSCHUTZERKL\u00c4RUNG Diese Datenschutzerkl\u00e4rung wurde erstellt, um die Grunds\u00e4tze und Modalit\u00e4ten der Verarbeitung personenbezogener Daten darzulegen, die von Maximilian SRL im Zusammenhang mit [&hellip;]<\/p>\n","protected":false},"author":1,"featured_media":0,"parent":0,"menu_order":0,"comment_status":"closed","ping_status":"open","template":"","meta":{"footnotes":""},"class_list":["post-3179","page","type-page","status-publish","hentry"],"_links":{"self":[{"href":"https:\/\/www.whitecollection.it\/index.php\/wp-json\/wp\/v2\/pages\/3179","targetHints":{"allow":["GET"]}}],"collection":[{"href":"https:\/\/www.whitecollection.it\/index.php\/wp-json\/wp\/v2\/pages"}],"about":[{"href":"https:\/\/www.whitecollection.it\/index.php\/wp-json\/wp\/v2\/types\/page"}],"author":[{"embeddable":true,"href":"https:\/\/www.whitecollection.it\/index.php\/wp-json\/wp\/v2\/users\/1"}],"replies":[{"embeddable":true,"href":"https:\/\/www.whitecollection.it\/index.php\/wp-json\/wp\/v2\/comments?post=3179"}],"version-history":[{"count":4,"href":"https:\/\/www.whitecollection.it\/index.php\/wp-json\/wp\/v2\/pages\/3179\/revisions"}],"predecessor-version":[{"id":3184,"href":"https:\/\/www.whitecollection.it\/index.php\/wp-json\/wp\/v2\/pages\/3179\/revisions\/3184"}],"wp:attachment":[{"href":"https:\/\/www.whitecollection.it\/index.php\/wp-json\/wp\/v2\/media?parent=3179"}],"curies":[{"name":"wp","href":"https:\/\/api.w.org\/{rel}","templated":true}]}}