{"id":3,"date":"2025-11-19T20:31:58","date_gmt":"2025-11-19T19:31:58","guid":{"rendered":"https:\/\/www.whitecollection.it\/?page_id=3"},"modified":"2026-02-15T19:28:39","modified_gmt":"2026-02-15T18:28:39","slug":"privacy-policy","status":"publish","type":"page","link":"https:\/\/www.whitecollection.it\/index.php\/privacy-policy\/","title":{"rendered":"Privacy Policy"},"content":{"rendered":"\t\t<div data-elementor-type=\"wp-page\" data-elementor-id=\"3\" class=\"elementor elementor-3\" data-elementor-post-type=\"page\">\n\t\t\t\t<div class=\"elementor-element elementor-element-5d7eddfd e-flex e-con-boxed e-con e-parent\" data-id=\"5d7eddfd\" data-element_type=\"container\" data-e-type=\"container\">\n\t\t\t\t\t<div class=\"e-con-inner\">\n\t\t\t\t<div class=\"elementor-element elementor-element-676b1040 elementor-widget elementor-widget-text-editor\" data-id=\"676b1040\" data-element_type=\"widget\" data-e-type=\"widget\" data-widget_type=\"text-editor.default\">\n\t\t\t\t\t\t\t\t\t<h1>PRIVACY POLICY<\/h1><div>\u00a0<\/div><div>La presente informativa \u00e8 redatta per far conoscere i principi e le modalit\u00e0 di trattamento dei dati personali adottati da Maximilian SRL in relazione all\u2019utilizzo del presente sito web.<\/div><div>\u00a0<\/div><div>L\u2019informativa \u00e8 resa ai sensi del Regolamento (UE) 2016\/679 (GDPR) a tutti coloro che interagiscono con i servizi web accessibili per via telematica a partire dall\u2019indirizzo del presente sito internet.<\/div><div>\u00a0<\/div><div>La presente informativa si applica esclusivamente a questo sito web e non riguarda altri siti, pagine o servizi online eventualmente raggiungibili tramite link esterni.<\/div><div>\u00a0<\/div><div>Visitando il sito, l\u2019utente dichiara di aver preso visione della presente informativa e di accettarne le modalit\u00e0 di trattamento dei dati personali.<\/div><div>\u00a0<\/div><h3>Titolare del trattamento<\/h3><div>Il Titolare del trattamento dei dati personali \u00e8:<\/div><div>\u00a0<\/div><div>Maximilian SRL<\/div><div>Corso Libert\u00e0 95<\/div><div>39012 Merano (BZ) \u2013 Italia<\/div><div>ufficio@maximilian-online.it<\/div><div>\u00a0<\/div><div>Il trattamento dei dati viene effettuato presso la sede del Titolare ed \u00e8 svolto da personale interno appositamente autorizzato, nonch\u00e9 da eventuali soggetti esterni incaricati esclusivamente per attivit\u00e0 tecniche e di manutenzione del sito.<\/div><h3>Tipologie di dati trattati e finalit\u00e0 del trattamento<\/h3><div>I dati personali forniti dagli utenti sono trattati per le seguenti finalit\u00e0:<\/div><ul><li>gestione delle richieste inviate tramite il sito;<\/li><li>gestione del rapporto con il cliente;<\/li><li>svolgimento dell\u2019attivit\u00e0 economica e organizzativa della societ\u00e0;<\/li><li>miglioramento dei servizi offerti;<\/li><li>adempimento di obblighi di legge;<\/li><li>tutela dei diritti del Titolare anche in sede giudiziaria.<\/li><\/ul><div>Il trattamento avviene esclusivamente per le finalit\u00e0 per le quali i dati sono stati raccolti e nel rispetto dei principi di liceit\u00e0, correttezza, trasparenza e minimizzazione.<\/div><h3>Dati forniti volontariamente dall\u2019utente<\/h3><div>L\u2019invio facoltativo e volontario di posta elettronica agli indirizzi indicati sul sito, oppure la compilazione di eventuali moduli di contatto, comporta l\u2019acquisizione dei dati personali forniti dall\u2019utente (es. indirizzo e-mail e altri dati inseriti nel messaggio).<\/div><div>\u00a0<\/div><div>Tali dati vengono utilizzati unicamente per rispondere alle richieste dell\u2019utente.<\/div><h3>Dati di navigazione<\/h3><div>I sistemi informatici e le procedure software preposte al funzionamento del sito acquisiscono, nel corso del loro normale esercizio, alcuni dati personali la cui trasmissione \u00e8 implicita nell\u2019uso dei protocolli di comunicazione di Internet.<\/div><div>\u00a0<\/div><div>Questi dati includono, a titolo esemplificativo:<\/div><ul><li>indirizzi IP;<\/li><li>nomi a dominio dei dispositivi utilizzati;<\/li><li>indirizzi URI delle risorse richieste;<\/li><li>data e ora della richiesta;<\/li><li>parametri relativi al sistema operativo e all\u2019ambiente informatico dell\u2019utente.<\/li><\/ul><div>Tali dati sono utilizzati esclusivamente per fini statistici anonimi e per verificare il corretto funzionamento del sito e vengono cancellati dopo l\u2019elaborazione.<\/div><h3>Cookie<\/h3><div>Il sito utilizza cookie tecnici e, previo consenso dell\u2019utente, cookie di terze parti.<\/div><div>\u00a0<\/div><div>I cookie sono piccoli file di testo che permettono il corretto funzionamento del sito, migliorano l\u2019esperienza di navigazione e consentono analisi statistiche anonime.<\/div><div>\u00a0<\/div><div>Tipologie di cookie utilizzati:<\/div><ul><li>Cookie tecnici: necessari al funzionamento del sito;<\/li><li>Cookie di sessione: eliminati alla chiusura del browser;<\/li><li>Cookie persistenti: rimangono memorizzati per un periodo limitato;<\/li><li>Cookie di terze parti (solo previo consenso).<\/li><\/ul><h3>Google Analytics<\/h3><div>Il sito pu\u00f2 utilizzare Google Analytics, un servizio di analisi web fornito da Google Inc., che utilizza cookie per raccogliere informazioni in forma aggregata sull\u2019utilizzo del sito.<\/div><div>\u00a0<\/div><div>Le informazioni generate dai cookie vengono utilizzate per analizzare l\u2019uso del sito e migliorarne i contenuti.<\/div><div>L\u2019utente pu\u00f2 disabilitare Google Analytics installando il relativo componente aggiuntivo del browser disponibile all\u2019indirizzo:<\/div><div>https:\/\/tools.google.com\/dlpage\/gaoptout<\/div><h3>Conferimento dei dati<\/h3><div>Il conferimento dei dati personali \u00e8 facoltativo.<\/div><div>Il mancato conferimento pu\u00f2 comportare l\u2019impossibilit\u00e0 di fornire i servizi richiesti.<\/div><div>\u00a0<\/div><div>I dati sono trattati con strumenti automatizzati e conservati per il tempo strettamente necessario al raggiungimento delle finalit\u00e0 per cui sono stati raccolti.<\/div><h3>Modalit\u00e0 del trattamento e sicurezza<\/h3><div>Il trattamento dei dati personali avviene mediante strumenti informatici e telematici, con l\u2019adozione di adeguate misure di sicurezza volte a prevenire accessi non autorizzati, divulgazione, modifica o distruzione dei dati.<\/div><h3>Diritti dell\u2019interessato<\/h3><div>Ai sensi degli articoli 15-22 del GDPR, l\u2019utente ha il diritto di:<\/div><ul><li>ottenere la conferma dell\u2019esistenza dei dati personali;<\/li><li>accedere ai propri dati;<\/li><li>richiedere la rettifica o l\u2019aggiornamento;<\/li><li>richiedere la cancellazione dei dati;<\/li><li>opporsi al trattamento;<\/li><li>richiedere la limitazione del trattamento;<\/li><li>proporre reclamo all\u2019Autorit\u00e0 Garante per la Protezione dei Dati Personali.<\/li><\/ul><div>Le richieste possono essere inviate all\u2019indirizzo e-mail:\u00a0ufficio@maximilian-online.it<\/div><h3>Aggiornamenti della Privacy Policy<\/h3><div>La presente Privacy Policy pu\u00f2 essere soggetta ad aggiornamenti.<\/div><div>Eventuali modifiche saranno pubblicate su questa pagina e avranno efficacia dalla data di pubblicazione.<\/div>\t\t\t\t\t\t\t\t<\/div>\n\t\t\t\t\t<\/div>\n\t\t\t\t<\/div>\n\t\t\t\t<\/div>\n\t\t","protected":false},"excerpt":{"rendered":"<p>PRIVACY POLICY \u00a0La presente informativa \u00e8 redatta per far conoscere i principi e le modalit\u00e0 di trattamento dei dati personali adottati da [&hellip;]<\/p>\n","protected":false},"author":1,"featured_media":0,"parent":0,"menu_order":0,"comment_status":"closed","ping_status":"open","template":"","meta":{"footnotes":""},"class_list":["post-3","page","type-page","status-publish","hentry"],"_links":{"self":[{"href":"https:\/\/www.whitecollection.it\/index.php\/wp-json\/wp\/v2\/pages\/3","targetHints":{"allow":["GET"]}}],"collection":[{"href":"https:\/\/www.whitecollection.it\/index.php\/wp-json\/wp\/v2\/pages"}],"about":[{"href":"https:\/\/www.whitecollection.it\/index.php\/wp-json\/wp\/v2\/types\/page"}],"author":[{"embeddable":true,"href":"https:\/\/www.whitecollection.it\/index.php\/wp-json\/wp\/v2\/users\/1"}],"replies":[{"embeddable":true,"href":"https:\/\/www.whitecollection.it\/index.php\/wp-json\/wp\/v2\/comments?post=3"}],"version-history":[{"count":9,"href":"https:\/\/www.whitecollection.it\/index.php\/wp-json\/wp\/v2\/pages\/3\/revisions"}],"predecessor-version":[{"id":2946,"href":"https:\/\/www.whitecollection.it\/index.php\/wp-json\/wp\/v2\/pages\/3\/revisions\/2946"}],"wp:attachment":[{"href":"https:\/\/www.whitecollection.it\/index.php\/wp-json\/wp\/v2\/media?parent=3"}],"curies":[{"name":"wp","href":"https:\/\/api.w.org\/{rel}","templated":true}]}}